{"id":2,"date":"2024-04-17T14:53:12","date_gmt":"2024-04-17T12:53:12","guid":{"rendered":"https:\/\/karlokipper.lu\/?page_id=2"},"modified":"2025-12-05T14:59:21","modified_gmt":"2025-12-05T13:59:21","slug":"beispiel-seite","status":"publish","type":"page","link":"https:\/\/karlokipper.lu\/","title":{"rendered":"KARLOKIPPER"},"content":{"rendered":"<div class=\"wp-block-image\">\n<figure class=\"aligncenter size-full is-resized\"><img fetchpriority=\"high\" decoding=\"async\" width=\"808\" height=\"804\" src=\"https:\/\/karlokipper.lu\/wp-content\/uploads\/2024\/06\/Screenshot-2024-06-19-at-13.12.38.png\" alt=\"\" class=\"wp-image-135\" style=\"width:1451px;height:auto\" srcset=\"https:\/\/karlokipper.lu\/wp-content\/uploads\/2024\/06\/Screenshot-2024-06-19-at-13.12.38.png 808w, https:\/\/karlokipper.lu\/wp-content\/uploads\/2024\/06\/Screenshot-2024-06-19-at-13.12.38-300x300.png 300w, https:\/\/karlokipper.lu\/wp-content\/uploads\/2024\/06\/Screenshot-2024-06-19-at-13.12.38-150x150.png 150w, https:\/\/karlokipper.lu\/wp-content\/uploads\/2024\/06\/Screenshot-2024-06-19-at-13.12.38-768x764.png 768w\" sizes=\"(max-width: 808px) 100vw, 808px\" \/><\/figure>\n<\/div>\n\n\n<p class=\"has-white-color has-text-color has-link-color wp-elements-a9ff03eb0fcd400b10e8bc2481101533\" style=\"font-size:13px\">.<\/p>\n\n\n\n<figure class=\"wp-block-image size-large\"><img decoding=\"async\" width=\"1024\" height=\"165\" src=\"https:\/\/karlokipper.lu\/wp-content\/uploads\/2024\/04\/Screenshot-2024-04-17-at-21.25.36-e1718794977532-1024x165.png\" alt=\"\" class=\"wp-image-117\" srcset=\"https:\/\/karlokipper.lu\/wp-content\/uploads\/2024\/04\/Screenshot-2024-04-17-at-21.25.36-e1718794977532-1024x165.png 1024w, https:\/\/karlokipper.lu\/wp-content\/uploads\/2024\/04\/Screenshot-2024-04-17-at-21.25.36-e1718794977532-300x48.png 300w, https:\/\/karlokipper.lu\/wp-content\/uploads\/2024\/04\/Screenshot-2024-04-17-at-21.25.36-e1718794977532-768x124.png 768w, https:\/\/karlokipper.lu\/wp-content\/uploads\/2024\/04\/Screenshot-2024-04-17-at-21.25.36-e1718794977532.png 1416w\" sizes=\"(max-width: 1024px) 100vw, 1024px\" \/><\/figure>\n\n\n\n<p class=\"has-white-color has-text-color has-link-color wp-elements-7e4ac651328708ea719ac0894fa30934\">.<\/p>\n\n\n\n<p class=\"has-gray-color has-text-color has-link-color wp-elements-c9a0b8d0cb825ae876d0444fd21f18e0\" style=\"font-size:13px\">De Projet KARLO KIPPER ass e gutt gelaunten an  interaktive Kannerlidder-Bandprojet fir Kanner&nbsp;ab 4 Joer&nbsp;an hier erwuesse Begleedpersounen.<\/p>\n\n\n\n<p class=\"has-gray-color has-text-color has-link-color wp-elements-bbe812e938101df41bae9cc83f438be1\" style=\"font-size:13px\">5 Musiker op der B\u00fchn spillen an enger groovy&nbsp;Indie-Jazz-Soul-Funk \u00c4sthetik&nbsp;mat modern Beats an enger Fusioun aus&nbsp;Weltmusek, zeitgen\u00ebsseschem Pop-Jazz an tribale Perkussiouns Grooves. Kreatioun vun 12 originelle Lidder op L\u00ebtzebuergesch.<\/p>\n\n\n\n<p class=\"has-gray-color has-text-color has-link-color wp-elements-09092463865f8213e36e66bf13f3e0ac\" style=\"font-size:13px\">Thema:\u00a0D&#8217;Abenteuer vun enger Sperrm\u00fcll-Recyclingsequipp, d\u00e9i gutt gelaunt mat hirem Kamion iwwerall am L\u00e4ndche Optr\u00e4g ausf\u00e9ieren.<\/p>\n\n\n\n<div class=\"wp-block-columns is-layout-flex wp-container-core-columns-is-layout-9d6595d7 wp-block-columns-is-layout-flex\">\n<div class=\"wp-block-column is-layout-flow wp-block-column-is-layout-flow\" style=\"flex-basis:100%\">\n<p class=\"has-gray-color has-text-color has-link-color wp-elements-429277713828e29e8142058903efb5c9\" style=\"font-size:13px\">Pitch: D&#8217;Tina, d&#8217;Mirka, de Jimmy, de Momo an de Benno sinn europaweit unerkannt fir hir innovative Konzepter an der Offallvermeidung an am Recycling. Esou hu si di klever Idi, fir e fonkelneien a kreativen Recyclingspark zu L\u00ebtzebuerg ze gr\u00ebnnen.<\/p>\n\n\n\n<p class=\"has-gray-color has-text-color has-link-color wp-elements-1d46f4824e69ad5904a8819d73971e92\" style=\"font-size:13px\">Nodeems di l\u00ebschteg Equipp sech e coole Kamion besuergt an d\u00e9kor\u00e9ieret hunn, fuere si mam KARLO KIPPER, w\u00e9i de Kamion heescht, duercht d&#8217;Land fir iwwerall do ze h\u00ebllefen wou si gebraucht ginn. D&#8217;KARLO KIPPER CREW befreie Sp\u00e4icheren, Scheieren, Kelleren a Naturplaatze vum Offal an recyclen, wat ze recyclen ass.<br>D&#8217;Leit mierken awer och s\u00e9ier dass dem KARLO KIPPER seng CREW net n\u00ebmme gutt gelaunt dem Offall Meeschter ginn, ma och Musek mat l\u00ebschtegen Texter iwwert hier Abenteuer machen a flott Lidder iwwert d&#8217;Leit an d&#8217;Situatiounen d\u00e9i si beg\u00e9inen sangen.<\/p>\n<\/div>\n<\/div>\n\n\n\n<p class=\"has-white-color has-text-color has-link-color wp-elements-7e4ac651328708ea719ac0894fa30934\">.<\/p>\n\n\n\n<p class=\"has-text-align-center\" style=\"font-size:10px\">Produktioun : NEIM\u00cbNSTER<br>Ko-Produktioun : ESCHER THEATER &#8211; TRIFOLION ECHTERNACH<br>Exekutiv Produktioun&nbsp;: AllerRetour Luxembourg asbl<\/p>\n\n\n\n<p class=\"has-white-color has-text-color has-link-color wp-elements-7e4ac651328708ea719ac0894fa30934\">.<\/p>\n\n\n\n<p class=\"has-text-align-center has-gray-color has-text-color has-link-color wp-elements-9aea1a425c51ef7c33890e475c048862\" style=\"font-size:10px\"><br>Mat der \u00cbnnerst\u00ebtzung vun der Fondation Sommer an dem SCRIPT vum Minist\u00e8re de l\u2019Education.<\/p>\n\n\n\n<p><\/p>\n","protected":false},"excerpt":{"rendered":"<p>. . De Projet KARLO KIPPER ass e gutt gelaunten an interaktive Kannerlidder-Bandprojet fir Kanner&nbsp;ab 4 Joer&nbsp;an hier erwuesse Begleedpersounen. 5 Musiker op der B\u00fchn spillen an enger groovy&nbsp;Indie-Jazz-Soul-Funk \u00c4sthetik&nbsp;mat modern Beats an enger Fusioun aus&nbsp;Weltmusek, zeitgen\u00ebsseschem Pop-Jazz an tribale Perkussiouns Grooves. Kreatioun vun 12 originelle Lidder op L\u00ebtzebuergesch. Thema:\u00a0D&#8217;Abenteuer vun enger Sperrm\u00fcll-Recyclingsequipp, d\u00e9i gutt&hellip; <a class=\"more-link\" href=\"https:\/\/karlokipper.lu\/\">Continue reading <span class=\"screen-reader-text\">KARLOKIPPER<\/span><\/a><\/p>\n","protected":false},"author":1,"featured_media":0,"parent":0,"menu_order":0,"comment_status":"closed","ping_status":"open","template":"","meta":{"footnotes":""},"class_list":["post-2","page","type-page","status-publish","hentry","entry"],"_links":{"self":[{"href":"https:\/\/karlokipper.lu\/index.php?rest_route=\/wp\/v2\/pages\/2","targetHints":{"allow":["GET"]}}],"collection":[{"href":"https:\/\/karlokipper.lu\/index.php?rest_route=\/wp\/v2\/pages"}],"about":[{"href":"https:\/\/karlokipper.lu\/index.php?rest_route=\/wp\/v2\/types\/page"}],"author":[{"embeddable":true,"href":"https:\/\/karlokipper.lu\/index.php?rest_route=\/wp\/v2\/users\/1"}],"replies":[{"embeddable":true,"href":"https:\/\/karlokipper.lu\/index.php?rest_route=%2Fwp%2Fv2%2Fcomments&post=2"}],"version-history":[{"count":61,"href":"https:\/\/karlokipper.lu\/index.php?rest_route=\/wp\/v2\/pages\/2\/revisions"}],"predecessor-version":[{"id":140,"href":"https:\/\/karlokipper.lu\/index.php?rest_route=\/wp\/v2\/pages\/2\/revisions\/140"}],"wp:attachment":[{"href":"https:\/\/karlokipper.lu\/index.php?rest_route=%2Fwp%2Fv2%2Fmedia&parent=2"}],"curies":[{"name":"wp","href":"https:\/\/api.w.org\/{rel}","templated":true}]}}